{"id":141321,"date":"2023-08-16T11:07:39","date_gmt":"2023-08-16T08:07:39","guid":{"rendered":"https:\/\/www.tehnopol.ee\/?page_id=141321"},"modified":"2023-08-16T11:08:16","modified_gmt":"2023-08-16T08:08:16","slug":"sme2go","status":"publish","type":"page","link":"https:\/\/www.tehnopol.ee\/en\/sme2go\/","title":{"rendered":"SME2GO"},"content":{"rendered":"<figure class=\"wp-block-image size-full is-resized\"><img decoding=\"async\" src=\"https:\/\/www.tehnopol.ee\/wp-content\/uploads\/2016\/12\/sme2go-logod-e1482413762932.jpg\" alt=\"\" class=\"wp-image-35138\" width=\"486\" height=\"208\" srcset=\"https:\/\/www.tehnopol.ee\/wp-content\/uploads\/2016\/12\/sme2go-logod-e1482413762932.jpg 796w, https:\/\/www.tehnopol.ee\/wp-content\/uploads\/2016\/12\/sme2go-logod-e1482413762932-600x256.jpg 600w, https:\/\/www.tehnopol.ee\/wp-content\/uploads\/2016\/12\/sme2go-logod-e1482413762932-300x128.jpg 300w, https:\/\/www.tehnopol.ee\/wp-content\/uploads\/2016\/12\/sme2go-logod-e1482413762932-768x328.jpg 768w, https:\/\/www.tehnopol.ee\/wp-content\/uploads\/2016\/12\/sme2go-logod-e1482413762932-400x171.jpg 400w, https:\/\/www.tehnopol.ee\/wp-content\/uploads\/2016\/12\/sme2go-logod-e1482413762932-200x85.jpg 200w, https:\/\/www.tehnopol.ee\/wp-content\/uploads\/2016\/12\/sme2go-logod-e1482413762932-270x115.jpg 270w\" sizes=\"(max-width: 486px) 100vw, 486px\"><\/figure>\n\n\n\n<p>The project SME2Go aimed at: Improving the competitiveness of smart city solution providers. The project brought together SMEs and their knowhow , trained them in sales and marketing skills, provided market intelligence and formed consortia out of these SMEs with readiness to enter new\u00a0 markets. The project resulted in 8 cross border consortia of Central Baltic smart city SME\u2019s which will lead to new sales in relevant target markets.<\/p>\n\n\n\n<p><strong>Duration<\/strong>: 1.10.2015 \u2013 30.9.2018<\/p>\n\n\n\n<p><strong>Project partner<\/strong>: SISP Swedish Incubators &amp; Science Parks, Stockholm, Sweden, Tallinn Science Park Tehnopol, Tallinn, Estonia, Turku Science Park Ltd, Turku, Finland, V\u00e4ster\u00e5s Science Park AB, V\u00e4ster\u00e5s, Sweden, Posintra Ltd, Porvoo, Finland.<\/p>\n\n\n\n<p><strong>Funding<\/strong>: 1.419.997, 25 euros from the European Regional Development Fund.<\/p>\n\n\n\n<p><strong>Contact person in Tehnopol<\/strong>: Anu Puusaag,\u00a0<a target=\"_blank\" href=\"mailto:anu.puusaag@tehnopol.ee\" rel=\"noreferrer noopener\">anu.puusaag@tehnopol.ee<\/a><\/p>\n","protected":false},"excerpt":{"rendered":"<p>The project SME2Go aimed at: Improving the competitiveness of smart city solution providers. The project brought together SMEs and their knowhow , trained them in sales and marketing skills, provided market intelligence and formed consortia out of these SMEs with readiness to enter new\u00a0 markets. The project resulted in 8 cross border consortia of Central [&hellip;]<\/p>\n","protected":false},"author":31,"featured_media":0,"parent":0,"menu_order":0,"comment_status":"closed","ping_status":"closed","template":"","meta":{"_acf_changed":false,"inline_featured_image":false,"_s2mail":"yes","footnotes":""},"class_list":["post-141321","page","type-page","status-publish","hentry"],"acf":[],"_links":{"self":[{"href":"https:\/\/www.tehnopol.ee\/en\/wp-json\/wp\/v2\/pages\/141321","targetHints":{"allow":["GET"]}}],"collection":[{"href":"https:\/\/www.tehnopol.ee\/en\/wp-json\/wp\/v2\/pages"}],"about":[{"href":"https:\/\/www.tehnopol.ee\/en\/wp-json\/wp\/v2\/types\/page"}],"author":[{"embeddable":true,"href":"https:\/\/www.tehnopol.ee\/en\/wp-json\/wp\/v2\/users\/31"}],"replies":[{"embeddable":true,"href":"https:\/\/www.tehnopol.ee\/en\/wp-json\/wp\/v2\/comments?post=141321"}],"version-history":[{"count":2,"href":"https:\/\/www.tehnopol.ee\/en\/wp-json\/wp\/v2\/pages\/141321\/revisions"}],"predecessor-version":[{"id":141323,"href":"https:\/\/www.tehnopol.ee\/en\/wp-json\/wp\/v2\/pages\/141321\/revisions\/141323"}],"wp:attachment":[{"href":"https:\/\/www.tehnopol.ee\/en\/wp-json\/wp\/v2\/media?parent=141321"}],"curies":[{"name":"wp","href":"https:\/\/api.w.org\/{rel}","templated":true}]}}