{"id":49589,"date":"2018-07-11T12:49:50","date_gmt":"2018-07-11T12:49:50","guid":{"rendered":"https:\/\/www.tehnopol.ee\/about\/avalik-teave\/teated\/"},"modified":"2024-10-28T14:09:41","modified_gmt":"2024-10-28T12:09:41","slug":"teated","status":"publish","type":"page","link":"https:\/\/www.tehnopol.ee\/en\/about\/public-information\/teated\/","title":{"rendered":"Teated"},"content":{"rendered":"<p><strong>Teadus- ja \u00e4rilinnaku Tehnopol mentorite v\u00e4rbamisvoor (perioodiks 01.01.2025 \u2013 31.12.2025).<\/strong>\u00a0<\/p>\n\n\n\n<p>Eesti tehnoloogiaettev\u00f5tted loovad lahendusi, mille toel muutuvad meie elu ja t\u00f6\u00f6keskkond mugavamaks, t\u00f5husamaks ja kestlikumaks. Selleks, et iduettev\u00f5tted saaks jalad alla ja kasvuettev\u00f5tted sooritaks hoogsaid arenguh\u00fcppeid, panustab suur meeskond tipptasemel eksperte oma kogemuste ja teadmistega.\u00a0<\/p>\n\n\n\n<p>Kui sa vaimustud tehnoloogilistest lahendustest, tahad panustada ettev\u00f5tete edulugudesse, oled valmis jagama oma kogemusi ning teadmisi, siis liitu Tehnopoli ja Startup Inkubaatori mentorite v\u00f5rgustikuga.\u202f<strong>Avalduse saad esitada \u202f<\/strong><a href=\"https:\/\/www.surveymonkey.com\/r\/6S5NYL3\" target=\"_blank\" rel=\"noreferrer noopener\"><strong>siin<\/strong><\/a> <strong>\u202fkuni 30.novembrini 2024<\/strong>.\u00a0<\/p>\n\n\n\n<p>Osa mentorn\u00f5ustamisest toimub Euroopa Liidu struktuurfondide Interreg Central Baltic, Interreg Baltic Sea Region, I3 Project Grants ja Horizon Europe (projektid Ready2Scale, SCALE-ABLE, BSI_4Women, INGOs, Bridgin4Growth,\u00a0 Zebra ScaleUp, Health3-2-1, FINESTJAP, EDIH, DigiLung, EUDIS, BSR Go-abroad), programmide toel ning juba olemasolevate projektide (NATO DIANA, ESA BIC Eesti, AI arenguprogramm) ja ka tulevaste projektide raames. Projektide kohta saab l\u00e4hemalt\u202f<a href=\"https:\/\/www.tehnopol.ee\/en\/projects\/\" target=\"_blank\" rel=\"noreferrer noopener\">lugeda siit<\/a>.\u00a0<\/p>\n\n\n\n<p>Mentorkoost\u00f6\u00f6 kokkuleppe s\u00f5lmime aastaseks perioodiks (01.01.2025 \u2013 31.12.2025).\u00a0<\/p>\n\n\n\n<p>K\u00fcsimuste korral kirjuta: <a href=\"mailto:katlin@tehnopol.ee\">K\u00e4tlin-Carolin Noorm\u00e4gi<\/a> v\u00f5i <a href=\"mailto:laura.pukk@tehnopol.ee\">Laura Pukk<\/a>.\u00a0<\/p>\n\n\n\n<hr class=\"wp-block-separator has-alpha-channel-opacity\">\n\n\n<p><strong>Teadus- ja \u00e4rilinnaku Tehnopol mentorite v\u00e4rbamisvoor (perioodiks 01.01.2024-31.12.2024).<\/strong><\/p>\n<p>Eesti tehnoloogiaettev\u00f5tted loovad lahendusi, mille toel muutuvad meie elu ja t\u00f6\u00f6keskkond mugavamaks, t\u00f5husamaks ja kestlikumaks. Selleks, et iduettev\u00f5tted saaks jalad alla ja kasvuettev\u00f5tted sooritaks hoogsaid arenguh\u00fcppeid, panustab suur meeskond tipptasemel eksperte oma kogemuste ja teadmistega.<\/p>\n<p>Kui sa vaimustud tehnoloogilistest lahendustest, tahad panustada ettev\u00f5tete edulugudesse, oled valmis jagama oma kogemusi ning teadmisi, siis liitu Tehnopoli ja Startup Inkubaatori mentorite v\u00f5rgustikuga.\u00a0<strong>Avalduse saad esitada\u00a0<a href=\"https:\/\/www.surveymonkey.com\/r\/Z553B6X\" target=\"_blank\" rel=\"noreferrer noopener\">siin<\/a>\u00a0kuni 13. detsembrini 2023<\/strong>.<\/p>\n<p>Osa mentorn\u00f5ustamisest toimub Euroopa Liidu struktuurfondide Interreg Central Baltic, Interreg Baltic Sea Region, I3 Project Grants ja Horizon Europe (projektid SCALE-ABLE, NBSCALE, BSI_4Women, INGOs, Bridgin4Growth, Urban Tech, GreenTech 2.0, EDIH, Womenture, DigiLung), programmide toel ning juba olemasolevate projektide (NATO DIANA, ESA BIC Eesti, Narva Arenguprogramm, Accelerate Estonia, AI arenguprogramm, AIRE-EDIH) ja ka tulevaste projektide raames. Projektide kohta saab l\u00e4hemalt\u00a0<a href=\"https:\/\/www.tehnopol.ee\/en\/projects\/\" target=\"_blank\" rel=\"noreferrer noopener\">lugeda siit<\/a>.<\/p>\n<p>Mentorkoost\u00f6\u00f6 kokkuleppe s\u00f5lmime aastaseks perioodiks (01.01.2024-31.12.2024).<\/p>\n<p>K\u00fcsimuste korral kirjuta: Anne-Liisa Elbrechtile (<a href=\"mailto:anneliisa.elbrecht@tehnopol.ee\">anneliisa.elbrecht@tehnopol.ee<\/a>) v\u00f5i Maarit Jalakasele (<a href=\"mailto:maarit.jalakas@tehnopol.ee\">maarit.jalakas@tehnopol.ee<\/a>).<\/p>\n\n<p><strong>Teadus- ja \u00e4rilinnaku Tehnopol mentorite v\u00e4rbamisvoor (perioodiks 01.01.2023-31.12.2023).<\/strong><\/p>\n<p>Eesti tehnoloogiaettev\u00f5tted loovad lahendusi, mille toel muutub meie elu ja t\u00f6\u00f6keskkond mugavamaks, t\u00f5husamaks ja kestlikumaks. Selleks, et iduettev\u00f5tted saaks jalad alla ja kasvuettev\u00f5tted sooritaks hoogsaid arenguh\u00fcppeid, panustab suur meeskond tipptasemel eksperte oma kogemuste ja teadmistega.<\/p>\n<p>Kui sa vaimustud tehnoloogilistest lahendustest, tahad panustada ettev\u00f5tete edulugudesse, oled valmis jagama oma kogemusi ning teadmisi, siis liitu Tehnopoli ja\u00a0<a href=\"https:\/\/www.startupincubator.ee\/\" target=\"_blank\" rel=\"noreferrer noopener\">Startup Inkubaatori<\/a>\u00a0<a href=\"https:\/\/www.tehnopol.ee\/en\/business-services\/coaches\/\" target=\"_blank\" rel=\"noreferrer noopener\">mentorite v\u00f5rgustikuga<\/a>. Avalduse saad esitada\u00a0<a href=\"https:\/\/www.surveymonkey.com\/r\/THRRZLL\" target=\"_blank\" rel=\"noreferrer noopener\"><strong>siin<\/strong><\/a>\u00a0kuni\u00a0<strong>13. detsembrini 2022<\/strong>.<\/p>\n<p>Osa mentorn\u00f5ustamisest toimub Euroopa Liidu struktuurfondide Interreg Central Baltic, Interreg Baltic Sea Region ja Horizon Europe (projektid Urban Tech, GreenTech 2.0, EDIH, Womenture) programmide toel ning juba olemasolevate projektide (NATO DIANA, Connected Health, e-Healthcare Initiative, Tervistehnoloogia teaduskiirendi, ESA BIC Eesti, NB Bioeconomy, Narva Arenguprogramm, Accelerate Estonia, AI arenguprogramm) ja ka tulevaste projektide raames.<\/p>\n<p>Mentorkoost\u00f6\u00f6 kokkuleppe s\u00f5lmime aastaseks perioodiks (01.01.2023-31.12.2023).<\/p>\n<p>K\u00fcsimuste korral kirjuta:\u00a0Anne-Liisa Elbrechtile (<a href=\"mailto:anneliisa.elbrecht@tehnopol.ee\" target=\"_blank\" rel=\"noreferrer noopener\">anneliisa.elbrecht@tehnopol.ee<\/a>)\u00a0v\u00f5i Maarit Jalakasele (<a href=\"mailto:maarit.jalakas@tehnopol.ee\">maarit.jalakas@tehnopol.ee<\/a>).<\/p>\n<p><strong>Teadus- ja \u00e4rilinnaku Tehnopol mentorite v\u00e4rbamisvoor (perioodiks 01.01.2021-31.12.2022).<\/strong><\/p>\n<p>Eesti tehnoloogiaettev\u00f5tted loovad lahendusi, mille toel muutub meie elu ja t\u00f6\u00f6keskkond mugavamaks, t\u00f5husamaks ja kestlikumaks. Selleks, et iduettev\u00f5tted jalad alla saaks ja kasvuettev\u00f5tted sooritaks hoogsaid arenguh\u00fcppeid, panustab suur meeskond praktikutest eksperte oma kogemuste ja teadmistega.<\/p>\n<p>Otsime mentoreid oma fookusvaldkondadesse: rohetehnoloogia ja tark linn, tervisetehnoloogia, teadmismahukad tehnoloogiad. Oodatud on teadmised turunduse, kommunikatsiooni, teenusdisaini, tootearenduse, \u00e4rimudeli, investorvalmiduse, investeeringute kaasamise, \u00f5igusn\u00f5ustamise, finantside, m\u00fc\u00fcgik\u00f5ne\/-esitluse, veebi- ja kasutajaliidese anal\u00fc\u00fcsi jpt teemadel.<\/p>\n<p>Mentorkoost\u00f6\u00f6 kokkuleppe s\u00f5lmime kaheaastaseks perioodiks (01.01.2021-31.12.2022).<\/p>\n<p>Kui sa vaimustud tehnoloogilistest lahendustest ning oled mentorina valmis jagama oma kogemusi ja teadmisi, siis esita oma avaldus ja LinkedIN profiilikirjeldus <strong><a href=\"https:\/\/forms.gle\/YrddLRXf3Kcz9JqN6\">SIIN<\/a>. <\/strong>Avaldusi ootame hiljemalt 11. detsembriks 2020.<\/p>\n<p>Osa mentorn\u00f5ustamisest toimub Euroopa Liidu struktuurfondide Interreg Central Baltic, Interreg Baltic Sea Region ja H2020 programmide toel, nii olemasolevate (Nocca, ASIA-Clean, 4SmartGrowth, Northbound Startups, Healthy Boost, IRIS, Scale-Up Champions, 200SMEchallenge, Target SME, Go2Space HUB, IN4AHA,) kui ka tulevaste projektide raames.<\/p>\n<p>T\u00e4psustavate k\u00fcsimustega p\u00f6\u00f6rdu:<\/p>\n<p>Anne-Liisa Elbrecht<\/p>\n<p>E-mail: <a href=\"mailto:AnneLiisa.Elbrecht@tehnopol.ee\">AnneLiisa.Elbrecht@tehnopol.ee<\/a><\/p>\n<p>Telefon: 5665 2407<\/p>\n<p><strong>Teade n\u00f5ustamisteenuse hankimisest perioodiks 01.09.2016 \u2013 31.12.2017<\/strong><\/p>\n<p>Seoses alustavate ja kasvavate tehnoloogiaettev\u00f5tete pakutava n\u00f5ustamisteenusega (coaching-teenusega) soovib SA Tallinna Teaduspark Tehnopol hankida n\u00f5ustajaid perioodiks 01.09.2016 \u2013 31.12.2017 j\u00e4rgmistes valdkondades: info- ja kommunikatsioonitehnoloogiad (B2B, B2C), tervisetehnoloogiad, rohetehnoloogiad, ekspordi k\u00e4ivitamine Euroopas, USA-s, Aasias ja Aafrikas, turundus (sh sisuturundus), m\u00fc\u00fck, avalike suhete juhtimine, investorvalmiduse loomine, investeeringute kaasamine, \u00f5igusalane konsultatsioon, veebi- ja kasutajaliidese anal\u00fc\u00fcs, ning tehnoloogia- ja tootearendus. K\u00f5ikidelt n\u00f5ustajatelt eeldatakse v\u00e4hemalt 3 aasta pikkust praktilist t\u00f6\u00f6kogemust valdkonnas ning kogemust t\u00f6\u00f6tamisel alustavate ettev\u00f5tetega.<\/p>\n<p>Muuhulgas rakendatakse n\u00f5ustajaid Euroopa Liidu programmi Central Baltic projektide \u201eSpringboard\u201c, \u201eSME2GO\u201c, \u201eTalsinki\u201c ja \u201eHealth Access\u201c raames, projektis osalevate ettev\u00f5tete n\u00f5ustamiseks.<\/p>\n<p>Huvitatud isikutel palume \u00fchendust v\u00f5tta kuni 31. augustini 2016 aadressil martin@tehnopol.ee v\u00f5i telefonil +37256800228.<\/p>\n<p><strong>Teade n\u00f5ustamisteenuse hankimisest perioodil 01.09.2016 \u2013 31.12.2017<\/strong><\/p>\n<p>Seoses alustavate ja kasvavate tehnoloogiaettev\u00f5tete pakutava n\u00f5ustamisteenusega (coaching-teenusega) soovib SA Tallinna Teaduspark Tehnopol hankida n\u00f5ustajaid perioodiks 01.09.2016-31.12.2017 j\u00e4rgmistes valdkondades: IKT infrastruktuur ja pilveteenused, ettev\u00f5tete ettevalmistus suurfirmadele enda m\u00fc\u00fcgiks, eluteaduste valdkonna \u00e4rimudelid ja intellektuaalomandi strateegia, k\u00e4itumisps\u00fchholoogia rakendamine digitaalsetes toodetes,\u00a0<em>AB testing<\/em>,\u00a0<em>business model testing<\/em>, m\u00fc\u00fck ja eksport Aasia turgudel, tervisetehnoloogia, strateegiline disain, \u00fclikooli\u00a0<em>spin-off<\/em>-id ja m\u00fc\u00fck,\u00a0<em>cleantech\u00a0<\/em>valdkonna ingelinvesteeringud.<\/p>\n<p>Huvitatud isikutel palume \u00fchendust v\u00f5tta kuni 29. augustini 2016 aadressil Kylle.Tarnov@tehnopol.ee v\u00f5i telefonil +372 56\u00a0800 221<\/p>","protected":false},"excerpt":{"rendered":"<p>Teadus- ja \u00e4rilinnaku Tehnopol mentorite v\u00e4rbamisvoor (perioodiks 01.01.2025 \u2013 31.12.2025).\u00a0 Eesti tehnoloogiaettev\u00f5tted loovad lahendusi, mille toel muutuvad meie elu ja t\u00f6\u00f6keskkond mugavamaks, t\u00f5husamaks ja kestlikumaks. Selleks, et iduettev\u00f5tted saaks jalad alla ja kasvuettev\u00f5tted sooritaks hoogsaid arenguh\u00fcppeid, panustab suur meeskond tipptasemel eksperte oma kogemuste ja teadmistega.\u00a0 Kui sa vaimustud tehnoloogilistest lahendustest, tahad panustada ettev\u00f5tete edulugudesse, oled [&hellip;]<\/p>\n","protected":false},"author":26,"featured_media":0,"parent":49585,"menu_order":157,"comment_status":"closed","ping_status":"closed","template":"","meta":{"_acf_changed":false,"inline_featured_image":false,"_s2mail":"yes","footnotes":""},"class_list":["post-49589","page","type-page","status-publish","hentry"],"acf":[],"_links":{"self":[{"href":"https:\/\/www.tehnopol.ee\/en\/wp-json\/wp\/v2\/pages\/49589","targetHints":{"allow":["GET"]}}],"collection":[{"href":"https:\/\/www.tehnopol.ee\/en\/wp-json\/wp\/v2\/pages"}],"about":[{"href":"https:\/\/www.tehnopol.ee\/en\/wp-json\/wp\/v2\/types\/page"}],"author":[{"embeddable":true,"href":"https:\/\/www.tehnopol.ee\/en\/wp-json\/wp\/v2\/users\/26"}],"replies":[{"embeddable":true,"href":"https:\/\/www.tehnopol.ee\/en\/wp-json\/wp\/v2\/comments?post=49589"}],"version-history":[{"count":3,"href":"https:\/\/www.tehnopol.ee\/en\/wp-json\/wp\/v2\/pages\/49589\/revisions"}],"predecessor-version":[{"id":166691,"href":"https:\/\/www.tehnopol.ee\/en\/wp-json\/wp\/v2\/pages\/49589\/revisions\/166691"}],"up":[{"embeddable":true,"href":"https:\/\/www.tehnopol.ee\/en\/wp-json\/wp\/v2\/pages\/49585"}],"wp:attachment":[{"href":"https:\/\/www.tehnopol.ee\/en\/wp-json\/wp\/v2\/media?parent=49589"}],"curies":[{"name":"wp","href":"https:\/\/api.w.org\/{rel}","templated":true}]}}