{"id":49594,"date":"2018-07-11T12:43:12","date_gmt":"2018-07-11T12:43:12","guid":{"rendered":"https:\/\/www.tehnopol.ee\/koostoomemorandum\/"},"modified":"2025-09-23T10:42:12","modified_gmt":"2025-09-23T07:42:12","slug":"koostoomemorandum","status":"publish","type":"page","link":"https:\/\/www.tehnopol.ee\/en\/koostoomemorandum\/","title":{"rendered":"Koost\u00f6\u00f6memorandum"},"content":{"rendered":"<p>3. mail 2018. a kirjutasid Tallinna Tehnika\u00fclikool, \u00dclemiste City, Tehnopol ja Eesti Ettev\u00f5tlusk\u00f5rgkool Mainor virtuaalreaalsuses alla koost\u00f6\u00f6lepingu, millega neli organisatsiooni \u00fchendavad j\u00f5ud, et t\u00f5sta Eesti rahvusvahelist tuntust tehnoloogiariigina, tuua riiki suuri rahvusvahelisi ettev\u00f5tteid ning kasvatada teadus- ja arendustegevuse alast koost\u00f6\u00f6d Eesti k\u00f5rgkoolide ja ettev\u00f5tete vahel.<\/p>\n<p><img decoding=\"async\" class=\"alignnone size-medium wp-image-657\" src=\"https:\/\/www.tehnopol.ee\/wp-content\/uploads\/2018\/07\/In-joint-memorandum-with_kollane_1920px-1024x236-300x69.png\" alt=\"\" width=\"300\" height=\"69\" srcset=\"https:\/\/www.tehnopol.ee\/wp-content\/uploads\/2018\/07\/In-joint-memorandum-with_kollane_1920px-1024x236-300x69.png 300w, https:\/\/www.tehnopol.ee\/wp-content\/uploads\/2018\/07\/In-joint-memorandum-with_kollane_1920px-1024x236-600x138.png 600w, https:\/\/www.tehnopol.ee\/wp-content\/uploads\/2018\/07\/In-joint-memorandum-with_kollane_1920px-1024x236-768x177.png 768w, https:\/\/www.tehnopol.ee\/wp-content\/uploads\/2018\/07\/In-joint-memorandum-with_kollane_1920px-1024x236.png 1024w, https:\/\/www.tehnopol.ee\/wp-content\/uploads\/2018\/07\/In-joint-memorandum-with_kollane_1920px-1024x236-200x46.png 200w\" sizes=\"(max-width: 300px) 100vw, 300px\"><\/p>\n\n\n<p><\/p>\n","protected":false},"excerpt":{"rendered":"<p>3. mail 2018. a kirjutasid Tallinna Tehnika\u00fclikool, \u00dclemiste City, Tehnopol ja Eesti Ettev\u00f5tlusk\u00f5rgkool Mainor virtuaalreaalsuses alla koost\u00f6\u00f6lepingu, millega neli organisatsiooni \u00fchendavad j\u00f5ud, et t\u00f5sta Eesti rahvusvahelist tuntust tehnoloogiariigina, tuua riiki suuri rahvusvahelisi ettev\u00f5tteid ning kasvatada teadus- ja arendustegevuse alast koost\u00f6\u00f6d Eesti k\u00f5rgkoolide ja ettev\u00f5tete vahel.<\/p>\n","protected":false},"author":26,"featured_media":0,"parent":0,"menu_order":160,"comment_status":"closed","ping_status":"closed","template":"","meta":{"_acf_changed":false,"inline_featured_image":false,"_s2mail":"yes","footnotes":""},"class_list":["post-49594","page","type-page","status-publish","hentry"],"acf":[],"_links":{"self":[{"href":"https:\/\/www.tehnopol.ee\/en\/wp-json\/wp\/v2\/pages\/49594","targetHints":{"allow":["GET"]}}],"collection":[{"href":"https:\/\/www.tehnopol.ee\/en\/wp-json\/wp\/v2\/pages"}],"about":[{"href":"https:\/\/www.tehnopol.ee\/en\/wp-json\/wp\/v2\/types\/page"}],"author":[{"embeddable":true,"href":"https:\/\/www.tehnopol.ee\/en\/wp-json\/wp\/v2\/users\/26"}],"replies":[{"embeddable":true,"href":"https:\/\/www.tehnopol.ee\/en\/wp-json\/wp\/v2\/comments?post=49594"}],"version-history":[{"count":2,"href":"https:\/\/www.tehnopol.ee\/en\/wp-json\/wp\/v2\/pages\/49594\/revisions"}],"predecessor-version":[{"id":182168,"href":"https:\/\/www.tehnopol.ee\/en\/wp-json\/wp\/v2\/pages\/49594\/revisions\/182168"}],"wp:attachment":[{"href":"https:\/\/www.tehnopol.ee\/en\/wp-json\/wp\/v2\/media?parent=49594"}],"curies":[{"name":"wp","href":"https:\/\/api.w.org\/{rel}","templated":true}]}}