{"id":49597,"date":"2018-07-11T12:40:31","date_gmt":"2018-07-11T12:40:31","guid":{"rendered":"https:\/\/www.tehnopol.ee\/about\/avalik-teave\/korruptsiooniohu-ennetamise-kord\/"},"modified":"2026-04-21T14:15:26","modified_gmt":"2026-04-21T11:15:26","slug":"korruptsiooniohu-ennetamise-kord","status":"publish","type":"page","link":"https:\/\/www.tehnopol.ee\/en\/about\/public-information\/korruptsiooniohu-ennetamise-kord\/","title":{"rendered":"Korruptsiooniohu ennetamise kord"},"content":{"rendered":"<p class=\"\" data-start=\"0\" data-end=\"467\">Korruptsiooniohu ennetamise kord m\u00e4\u00e4ratleb Teadus- ja \u00e4rilinnak Tehnopoli t\u00f6\u00f6tajate ja juhtide jaoks p\u00f5him\u00f5tted, kuidas ennetada huvide konflikte ja korruptsioonijuhtumeid. See h\u00f5lmab kohustust deklareerida majanduslikke huve, v\u00e4ltida otsuste langetamist huvide konflikti olukorras, teavitada v\u00f5imalikest rikkumistest ning j\u00e4rgida kingituste ja tasude vastuv\u00f5tmise reegleid. Samuti k\u00e4sitletakse korruptiivse tulu m\u00e4\u00e4ratlust ning sellega seotud k\u00e4itumisreegleid.<\/p>\n<p class=\"\" data-start=\"469\" data-end=\"948\">Korras on s\u00e4testatud ka aruandlus- ja kontrollimehhanismid, sealhulgas v\u00e4lisaudiitori teostatud tehingute kontroll ning koolituskohustus avaliku sektori eetika ja korruptsiooniennetuse teemal. T\u00e4psemad juhised ja vormid, n\u00e4iteks majanduslike huvide deklaratsiooni n\u00e4idis, on toodud dokumendi lisades. T\u00e4ies mahus dokument on leitav allpool olevalt lingilt:<\/p>\n<p><strong><a href=\"https:\/\/www.tehnopol.ee\/wp-content\/uploads\/2025\/03\/Korruptsiooniohu_ennetamise_kord_2025_noukogu_kinnitatud_18_03_25.pdf\" target=\"_blank\" rel=\"noopener\">Korruptsiooniohu ennetamise kord Sihtasutuses Tallinna Teaduspark Tehnopol<\/a><\/strong><\/p>\n","protected":false},"excerpt":{"rendered":"<p>Korruptsiooniohu ennetamise kord m\u00e4\u00e4ratleb Teadus- ja \u00e4rilinnak Tehnopoli t\u00f6\u00f6tajate ja juhtide jaoks p\u00f5him\u00f5tted, kuidas ennetada huvide konflikte ja korruptsioonijuhtumeid. See h\u00f5lmab kohustust deklareerida majanduslikke huve, v\u00e4ltida otsuste langetamist huvide konflikti olukorras, teavitada v\u00f5imalikest rikkumistest ning j\u00e4rgida kingituste ja tasude vastuv\u00f5tmise reegleid. Samuti k\u00e4sitletakse korruptiivse tulu m\u00e4\u00e4ratlust ning sellega seotud k\u00e4itumisreegleid. Korras on s\u00e4testatud ka aruandlus- [&hellip;]<\/p>\n","protected":false},"author":26,"featured_media":0,"parent":49585,"menu_order":166,"comment_status":"closed","ping_status":"closed","template":"","meta":{"_acf_changed":false,"inline_featured_image":false,"_s2mail":"yes","footnotes":""},"class_list":["post-49597","page","type-page","status-publish","hentry"],"acf":[],"_links":{"self":[{"href":"https:\/\/www.tehnopol.ee\/en\/wp-json\/wp\/v2\/pages\/49597","targetHints":{"allow":["GET"]}}],"collection":[{"href":"https:\/\/www.tehnopol.ee\/en\/wp-json\/wp\/v2\/pages"}],"about":[{"href":"https:\/\/www.tehnopol.ee\/en\/wp-json\/wp\/v2\/types\/page"}],"author":[{"embeddable":true,"href":"https:\/\/www.tehnopol.ee\/en\/wp-json\/wp\/v2\/users\/26"}],"replies":[{"embeddable":true,"href":"https:\/\/www.tehnopol.ee\/en\/wp-json\/wp\/v2\/comments?post=49597"}],"version-history":[{"count":5,"href":"https:\/\/www.tehnopol.ee\/en\/wp-json\/wp\/v2\/pages\/49597\/revisions"}],"predecessor-version":[{"id":199755,"href":"https:\/\/www.tehnopol.ee\/en\/wp-json\/wp\/v2\/pages\/49597\/revisions\/199755"}],"up":[{"embeddable":true,"href":"https:\/\/www.tehnopol.ee\/en\/wp-json\/wp\/v2\/pages\/49585"}],"wp:attachment":[{"href":"https:\/\/www.tehnopol.ee\/en\/wp-json\/wp\/v2\/media?parent=49597"}],"curies":[{"name":"wp","href":"https:\/\/api.w.org\/{rel}","templated":true}]}}