{"id":595,"date":"2018-07-10T20:51:28","date_gmt":"2018-07-10T20:51:28","guid":{"rendered":"https:\/\/www.tehnopol.ee\/?page_id=595"},"modified":"2024-04-05T11:30:51","modified_gmt":"2024-04-05T08:30:51","slug":"how-to-get-to-tehnopol","status":"publish","type":"page","link":"https:\/\/www.tehnopol.ee\/en\/contact\/how-to-get-to-tehnopol\/","title":{"rendered":"How to get to Tehnopol"},"content":{"rendered":"<p><strong>Aadress:<\/strong><\/p>\n<p>M\u00e4ealuse 2\/4, 12618 Tallinn<\/p>\n<p>A block, floors 2 and 3.<\/p>\n<p><strong>\u00dchistranspordiga<\/strong><\/p>\n<p>Kesklinnast teadus- ja \u00e4rilinnakusse Tehnopol:<\/p>\n<ul>\n<li>troll nr 3 (algus \u201cKaubamaja\u201d ja meie peatus \u201eKeemia\u201c)<\/li>\n<li>troll nr 1 (algus \u201cKaubamaja\u201d ja meie peatus \u201cMustam\u00e4e\u201d)<\/li>\n<li>troll nr 5 (algus \u201cBalti jaam\u201d ja meie peatus \u201cMustam\u00e4e\u201d)<\/li>\n<li>buss nr 11 (algus \u201cKunstiakadeemia\u201d ja meie peatus \u201eKeemia\u201c)<\/li>\n<li>buss nr 36 (algus \u201cViru\u201c ja meie peatus \u201cTehnika\u00fclikool\u201d\/ \u201eV\u00e4ike-\u00d5ism\u00e4e\u201c ja meie peatus \u201eAkadeemia tee\u201c). Peatus asub TT\u00dc k\u00f5rval ja Teadusparki Tehnopol on ca 10 minutit jalutada<\/li>\n<li>buss nr 23 (algus \u201eAutobussijaam\u201c ja meie peatus \u201cRaja\u201d)<\/li>\n<li>buss nr 24a ja nr 24 (algus \u201eEstonia\u201c ja meie peatus \u201eMustam\u00e4e\u201c)<\/li>\n<\/ul>\n<p>Vaata s\u00f5iduplaani<strong>:<\/strong>\u00a0<a href=\"http:\/\/soiduplaan.tallinn.ee\/\">soiduplaan.tallinn.ee<\/a><\/p>\n<p><strong>Jalgrattaga<\/strong><\/p>\n<p>Tehnopoli klientidele on paigaldatud ka jalgrattaparklad: Akadeemia tee 21\/4-6 vahel.<\/p>\n<p><strong>Autoga<\/strong><\/p>\n<p>Tehnopoli territooriumil saavad k\u00fclalised kuni 2h parkida tasuta.<\/p>\n<p>Parkimiskioskid on iga hoone fuajees.<\/p>\n<p>Tutvu parkimistingimustega <a href=\"https:\/\/www.tehnopol.ee\/tehnopoli-linnaku-parkimiskorraldus-on-muutunud\/\"><strong>SIIN<\/strong><\/a>.<\/p>\n<p><strong>With public transport<\/strong><\/p>\n<p>From the city centre to Tallinn Science Park Tehnopol:<\/p>\n<ul>\n<li>trolley buss no 3 (from stop \u201cKaubamaja\u201d to stop \u201eKeemia\u201c)<\/li>\n<li>bus no 11 (from stop \u201cKunstiakadeemia\u201d to stop \u201eKeemia\u201c)<\/li>\n<li>bus no 36 (from stop \u201cViru\u201c to stop \u201cTehnika\u00fclikool\u201d\/ from stop \u201eV\u00e4ike-\u00d5ism\u00e4e\u201c to stop \u201eAkadeemia tee\u201c). This bus stop is next to TUT and you should walk to Tehnopol ca 10 minutes.<\/li>\n<li>bus no 23 (from stop \u201eAutobussijaam\u201c to stop \u201cRaja\u201d)<\/li>\n<li>bus 24a and 24 (from stop \u201eEstonia\u201c to stop \u201eMustam\u00e4e\u201c)<\/li>\n<\/ul>\n<p><strong>Check bus and trolley schedules <a href=\"https:\/\/soiduplaan.tallinn.ee\/#bus\/en\">HERE<\/a><\/strong><\/p>\n<p><strong>With car and bike<\/strong><\/p>\n<p>Parking is up to 2 hours free of charge in Tehnopol. Parking machines are in the lobbies of every building. Bicycle parking facilities have also been installed for Tehnopol customers between Akadeemia tee 21\/4-6.<\/p>\n","protected":false},"excerpt":{"rendered":"<p>Aadress: M\u00e4ealuse 2\/4, 12618 Tallinn A block, floors 2 and 3. \u00dchistranspordiga Kesklinnast teadus- ja \u00e4rilinnakusse Tehnopol: troll nr 3 (algus \u201cKaubamaja\u201d ja meie peatus \u201eKeemia\u201c) troll nr 1 (algus \u201cKaubamaja\u201d ja meie peatus \u201cMustam\u00e4e\u201d) troll nr 5 (algus \u201cBalti jaam\u201d ja meie peatus \u201cMustam\u00e4e\u201d) buss nr 11 (algus \u201cKunstiakadeemia\u201d ja meie peatus \u201eKeemia\u201c) buss [&hellip;]<\/p>\n","protected":false},"author":2,"featured_media":132848,"parent":565,"menu_order":188,"comment_status":"closed","ping_status":"closed","template":"","meta":{"_acf_changed":false,"inline_featured_image":false,"_s2mail":"yes","footnotes":""},"class_list":["post-595","page","type-page","status-publish","has-post-thumbnail","hentry"],"acf":[],"_links":{"self":[{"href":"https:\/\/www.tehnopol.ee\/en\/wp-json\/wp\/v2\/pages\/595","targetHints":{"allow":["GET"]}}],"collection":[{"href":"https:\/\/www.tehnopol.ee\/en\/wp-json\/wp\/v2\/pages"}],"about":[{"href":"https:\/\/www.tehnopol.ee\/en\/wp-json\/wp\/v2\/types\/page"}],"author":[{"embeddable":true,"href":"https:\/\/www.tehnopol.ee\/en\/wp-json\/wp\/v2\/users\/2"}],"replies":[{"embeddable":true,"href":"https:\/\/www.tehnopol.ee\/en\/wp-json\/wp\/v2\/comments?post=595"}],"version-history":[{"count":2,"href":"https:\/\/www.tehnopol.ee\/en\/wp-json\/wp\/v2\/pages\/595\/revisions"}],"predecessor-version":[{"id":156560,"href":"https:\/\/www.tehnopol.ee\/en\/wp-json\/wp\/v2\/pages\/595\/revisions\/156560"}],"up":[{"embeddable":true,"href":"https:\/\/www.tehnopol.ee\/en\/wp-json\/wp\/v2\/pages\/565"}],"wp:featuredmedia":[{"embeddable":true,"href":"https:\/\/www.tehnopol.ee\/en\/wp-json\/wp\/v2\/media\/132848"}],"wp:attachment":[{"href":"https:\/\/www.tehnopol.ee\/en\/wp-json\/wp\/v2\/media?parent=595"}],"curies":[{"name":"wp","href":"https:\/\/api.w.org\/{rel}","templated":true}]}}